{"id":9,"date":"2024-08-21T18:07:20","date_gmt":"2024-08-21T15:07:20","guid":{"rendered":"https:\/\/bssf.eu\/?page_id=9"},"modified":"2024-08-30T19:59:22","modified_gmt":"2024-08-30T16:59:22","slug":"about","status":"publish","type":"page","link":"https:\/\/bssf.eu\/et\/about\/","title":{"rendered":"Meist"},"content":{"rendered":"<p><span style=\"font-weight: 400;\">Valgevene Spordi Solidarsus Fond (BSSF) on avalik mittetulundus\u00fching, mis loodi 2020. aasta augustis Valgevene spordi\u00fchenduse esindajate initsiatiivil vastuseks massilisele repressioonile Valgevene sportlaste vastu. BSSF-i peamiseks eesm\u00e4rgiks on kaitsta sportlaste \u00f5igusi diskrimineerimise eest ning edendada inim\u00f5igusi, vabaduse ja demokraatia p\u00f5him\u00f5tteid spordi kaudu. BSSF osutab rahalist, organisatsioonilist ja juriidilist tuge Valgevene sportlastele ja spordiekspertidele, kes on kannatanud oma kodanikupositsiooni avaliku v\u00e4ljendamise eest.<\/span><\/p>\n<p><span style=\"font-weight: 400;\">Meie tegevused h\u00f5lmavad ka sportlaste huvide esindamist rahvusvahelistes spordiorganisatsioonides (ROK, IIHF, UEFA, FIFA jt) ja valitsustes, spordiv\u00e4\u00e4rtuste ja tervisliku eluviisi propageerimist, spordiharidusprogrammide k\u00e4ivitamist, massi\u00fcrituste korraldamist ja muid algatusi. Kasutades \u00e4ra spordi populaarsust valgevenelaste seas, on BSSF loonud tugeva \u00fchenduse sportlastest, treeneritest, spordijuhtidest ja f\u00e4nnidest, kes pooldavad rahu ja vabadust ning on vastu igasugusele diskrimineerimisele. BSSF on korraldanud k\u00f5lapinda leidvaid spordi\u00fcritusi ja meediakampaaniaid tuntud valgevene sportlaste osalusel, korraldanud spordikonverentse, avatud debatte, intervjuusid ja heategevuslikke oksjonid, et toetada neid, kes on olnud sunnitud riigist lahkuma. BSSF teeb koost\u00f6\u00f6d ka suurte s\u00f5ltumatute valgevene organisatsioonide, meediaressursside ja kanalitega. N\u00e4iteks kogus BSSF-i korraldatud heategevuslik v\u00f5rgujooks \"Vabaduse maraton\" \u00fcle 5000 osaleja 54 riigist.<\/span><\/p>\n<p><span style=\"font-weight: 400;\">BSSF-i tegevust on kajastanud maailma meediav\u00e4ljaanded nagu CNN, The Times, The Guardian, The Washington Post, Forbes, Der Spiegel, Inside the Games, Frankfurter Allgemeine, RBC ja paljud teised.<\/span><\/p>\n<p><span style=\"font-weight: 400;\">BSSF on eraldanud \u00fcle 500 000 euro otsese rahalise toetuse valgevene sportlastele, kes on kannatanud oma kodanikupositsiooni t\u00f5ttu, ja Ukraina sportlastele, keda on s\u00f5da m\u00f5jutanud. Lisaks on BSSF-i pingutuste tulemusena \u00fcle 200 inimese, sealhulgas valgevene sportlased ja pagulasluse olevad sportlased, saanud \u00f5igusdokumendid erinevates Euroopa riikides. See tugi on v\u00f5imaldanud neil j\u00e4tkata oma sportlaskarj\u00e4\u00e4ri vaatamata t\u00f5sistele probleemidele.<\/span><\/p>\n<p><span style=\"font-weight: 400;\">Alates oma asutamisest 2020. aastal on BSSF saanud rahvusvahelise tunnustuse kui t\u00e4ie\u00f5igusliku osalejana Ida-Euroopa spordipoliitika kujundamisel (Ukraina, Valgevene, Poola, Balti riigid). BSSF suhtleb regulaarselt USA Riigidepartemendi, Euroopa Parlamendiga, Euroopa Komisjoniga ja USA senaatorite b\u00fcroodega ning teeb koost\u00f6\u00f6d ROK-iga, rahvusvaheliste spordiliitudega, riiklike valitsustega, ROK-ide ja erinevate riikide (USA, Poola, Leedu, L\u00e4ti, Eesti, Ukraina jne) spordiministritega.<\/span><\/p>\n<p><span style=\"font-weight: 400;\">BSSF osaleb rahvusvahelistes aruteludes ja strateegia v\u00e4ljat\u00f6\u00f6tamises Valgevene ja Venemaa sportlaste lubamiseks rahvusvahelistele spordiv\u00f5istlustele. See viib ellu Ukrainas ja Valgevenes elavate sportlaste toetamise projekte, tegutsedes eksperdina ja Valgevene spordi esindajana sellistes l\u00e4bir\u00e4\u00e4kimistes. Lisaks on BSSF loonud partnerlussuhted selliste spordiorganisatsioonidega nagu World Player's Association, Athleten Deutschland, Global Athlete, FIFPRO, ISLA, UNI Global Union ja teistega.<\/span><\/p>\n<p><span style=\"font-weight: 400;\">Tunnetusena BSSF saavutustest ja panusest rahvusvahelisse sporti tunnustati BSSF-i parimaks inim\u00f5iguste algatuseks spordis ja see sai peaauhinna Play the Game 2022 konverentsil Taanis.<\/span><\/p>","protected":false},"excerpt":{"rendered":"<p>\u0411\u0435\u043b\u0430\u0440\u0443\u0441\u043a\u0456 \u0444\u043e\u043d\u0434 \u0441\u043f\u0430\u0440\u0442\u044b\u045e\u043d\u0430\u0439 \u0441\u0430\u043b\u0456\u0434\u0430\u0440\u043d\u0430\u0441\u0446\u0456 (\u0411\u0424\u0421\u0421) \u2014 \u0433\u0440\u0430\u043c\u0430\u0434\u0441\u043a\u0430\u044f \u043d\u0435\u043a\u0430\u043c\u0435\u0440\u0446\u044b\u0439\u043d\u0430\u044f \u0430\u0440\u0433\u0430\u043d\u0456\u0437\u0430\u0446\u044b\u044f, \u0441\u0442\u0432\u043e\u0440\u0430\u043d\u0430\u044f \u043f\u0430 \u0456\u043d\u0456\u0446\u044b\u044f\u0442\u044b\u0432\u0435 \u043f\u0440\u0430\u0434\u0441\u0442\u0430\u045e\u043d\u0456\u043a\u043e\u045e \u0431\u0435\u043b\u0430\u0440\u0443\u0441\u043a\u0430\u0439 \u0441\u043f\u0430\u0440\u0442\u044b\u045e\u043d\u0430\u0439 \u0441\u0443\u043f\u043e\u043b\u044c\u043d\u0430\u0441\u0446\u0456\u00a0 \u045e \u0436\u043d\u0456\u045e\u043d\u0456 2020 \u0433\u043e\u0434\u0430 \u045e \u0430\u0434\u043a\u0430\u0437 \u043d\u0430 \u043c\u0430\u0441\u0430\u0432\u044b\u044f \u0440\u044d\u043f\u0440\u044d\u0441\u0456\u0456 \u0441\u0443\u043f\u0440\u0430\u0446\u044c \u0441\u043f\u0430\u0440\u0442\u0441\u043c\u0435\u043d\u0430\u045e \u0443 \u0411\u0435\u043b\u0430\u0440\u0443\u0441\u0456. \u0413\u0430\u043b\u043e\u045e\u043d\u0430\u0439 \u043c\u044d\u0442\u0430\u0439 \u0411\u0424\u0421\u0421 \u0437\u2019\u044f\u045e\u043b\u044f\u0435\u0446\u0446\u0430 \u0430\u0431\u0430\u0440\u043e\u043d\u0430 \u043f\u0440\u0430\u0432\u043e\u045e \u0441\u043f\u0430\u0440\u0442\u0441\u043c\u0435\u043d\u0430\u045e \u0430\u0434 \u0434\u044b\u0441\u043a\u0440\u044b\u043c\u0456\u043d\u0430\u0446\u044b\u0456, \u0430 \u0442\u0430\u043a\u0441\u0430\u043c\u0430 \u043f\u0440\u0430\u0441\u043e\u045e\u0432\u0430\u043d\u043d\u0435 \u043f\u0440\u0430\u0432\u043e\u045e \u0447\u0430\u043b\u0430\u0432\u0435\u043a\u0430, \u043f\u0440\u044b\u043d\u0446\u044b\u043f\u0430\u045e \u0441\u0432\u0430\u0431\u043e\u0434\u044b \u0456 \u0434\u044d\u043c\u0430\u043a\u0440\u0430\u0442\u044b\u0456 \u043f\u0440\u0430\u0437 \u0441\u043f\u043e\u0440\u0442. \u0411\u0424\u0421\u0421 \u0430\u043a\u0430\u0437\u0432\u0430\u0435 \u0444\u0456\u043d\u0430\u043d\u0441\u0430\u0432\u0443\u044e, \u0430\u0440\u0433\u0430\u043d\u0456\u0437\u0430\u0446\u044b\u0439\u043d\u0443\u044e \u0456 \u044e\u0440\u044b\u0434\u044b\u0447\u043d\u0443\u044e [&hellip;]<\/p>\n","protected":false},"author":1,"featured_media":0,"parent":0,"menu_order":0,"comment_status":"closed","ping_status":"closed","template":"about.php","meta":{"_acf_changed":false,"give_campaign_id":0,"inline_featured_image":false,"footnotes":""},"class_list":["post-9","page","type-page","status-publish","hentry"],"acf":[],"yoast_head":"<!-- This site is optimized with the Yoast SEO plugin v27.5 - https:\/\/yoast.com\/product\/yoast-seo-wordpress\/ -->\n<title>\u041f\u0440\u0430 \u043d\u0430\u0441 - BSSF<\/title>\n<meta name=\"robots\" content=\"index, follow, max-snippet:-1, max-image-preview:large, max-video-preview:-1\" \/>\n<link rel=\"canonical\" href=\"https:\/\/bssf.eu\/et\/about\/\" \/>\n<meta property=\"og:locale\" content=\"et_EE\" \/>\n<meta property=\"og:type\" content=\"article\" \/>\n<meta property=\"og:title\" content=\"\u041f\u0440\u0430 \u043d\u0430\u0441 - BSSF\" \/>\n<meta property=\"og:description\" content=\"\u0411\u0435\u043b\u0430\u0440\u0443\u0441\u043a\u0456 \u0444\u043e\u043d\u0434 \u0441\u043f\u0430\u0440\u0442\u044b\u045e\u043d\u0430\u0439 \u0441\u0430\u043b\u0456\u0434\u0430\u0440\u043d\u0430\u0441\u0446\u0456 (\u0411\u0424\u0421\u0421) \u2014 \u0433\u0440\u0430\u043c\u0430\u0434\u0441\u043a\u0430\u044f \u043d\u0435\u043a\u0430\u043c\u0435\u0440\u0446\u044b\u0439\u043d\u0430\u044f \u0430\u0440\u0433\u0430\u043d\u0456\u0437\u0430\u0446\u044b\u044f, \u0441\u0442\u0432\u043e\u0440\u0430\u043d\u0430\u044f \u043f\u0430 \u0456\u043d\u0456\u0446\u044b\u044f\u0442\u044b\u0432\u0435 \u043f\u0440\u0430\u0434\u0441\u0442\u0430\u045e\u043d\u0456\u043a\u043e\u045e \u0431\u0435\u043b\u0430\u0440\u0443\u0441\u043a\u0430\u0439 \u0441\u043f\u0430\u0440\u0442\u044b\u045e\u043d\u0430\u0439 \u0441\u0443\u043f\u043e\u043b\u044c\u043d\u0430\u0441\u0446\u0456\u00a0 \u045e \u0436\u043d\u0456\u045e\u043d\u0456 2020 \u0433\u043e\u0434\u0430 \u045e \u0430\u0434\u043a\u0430\u0437 \u043d\u0430 \u043c\u0430\u0441\u0430\u0432\u044b\u044f \u0440\u044d\u043f\u0440\u044d\u0441\u0456\u0456 \u0441\u0443\u043f\u0440\u0430\u0446\u044c \u0441\u043f\u0430\u0440\u0442\u0441\u043c\u0435\u043d\u0430\u045e \u0443 \u0411\u0435\u043b\u0430\u0440\u0443\u0441\u0456. \u0413\u0430\u043b\u043e\u045e\u043d\u0430\u0439 \u043c\u044d\u0442\u0430\u0439 \u0411\u0424\u0421\u0421 \u0437\u2019\u044f\u045e\u043b\u044f\u0435\u0446\u0446\u0430 \u0430\u0431\u0430\u0440\u043e\u043d\u0430 \u043f\u0440\u0430\u0432\u043e\u045e \u0441\u043f\u0430\u0440\u0442\u0441\u043c\u0435\u043d\u0430\u045e \u0430\u0434 \u0434\u044b\u0441\u043a\u0440\u044b\u043c\u0456\u043d\u0430\u0446\u044b\u0456, \u0430 \u0442\u0430\u043a\u0441\u0430\u043c\u0430 \u043f\u0440\u0430\u0441\u043e\u045e\u0432\u0430\u043d\u043d\u0435 \u043f\u0440\u0430\u0432\u043e\u045e \u0447\u0430\u043b\u0430\u0432\u0435\u043a\u0430, \u043f\u0440\u044b\u043d\u0446\u044b\u043f\u0430\u045e \u0441\u0432\u0430\u0431\u043e\u0434\u044b \u0456 \u0434\u044d\u043c\u0430\u043a\u0440\u0430\u0442\u044b\u0456 \u043f\u0440\u0430\u0437 \u0441\u043f\u043e\u0440\u0442. \u0411\u0424\u0421\u0421 \u0430\u043a\u0430\u0437\u0432\u0430\u0435 \u0444\u0456\u043d\u0430\u043d\u0441\u0430\u0432\u0443\u044e, \u0430\u0440\u0433\u0430\u043d\u0456\u0437\u0430\u0446\u044b\u0439\u043d\u0443\u044e \u0456 \u044e\u0440\u044b\u0434\u044b\u0447\u043d\u0443\u044e [&hellip;]\" \/>\n<meta property=\"og:url\" content=\"https:\/\/bssf.eu\/et\/about\/\" \/>\n<meta property=\"og:site_name\" content=\"BSSF\" \/>\n<meta property=\"article:modified_time\" content=\"2024-08-30T16:59:22+00:00\" \/>\n<meta name=\"twitter:card\" content=\"summary_large_image\" \/>\n<meta name=\"twitter:label1\" content=\"Est. reading time\" \/>\n\t<meta name=\"twitter:data1\" content=\"3 minutit\" \/>\n<script type=\"application\/ld+json\" class=\"yoast-schema-graph\">{\"@context\":\"https:\\\/\\\/schema.org\",\"@graph\":[{\"@type\":\"WebPage\",\"@id\":\"https:\\\/\\\/bssf.eu\\\/about\\\/\",\"url\":\"https:\\\/\\\/bssf.eu\\\/about\\\/\",\"name\":\"\u041f\u0440\u0430 \u043d\u0430\u0441 - BSSF\",\"isPartOf\":{\"@id\":\"https:\\\/\\\/bssf.eu\\\/#website\"},\"datePublished\":\"2024-08-21T15:07:20+00:00\",\"dateModified\":\"2024-08-30T16:59:22+00:00\",\"breadcrumb\":{\"@id\":\"https:\\\/\\\/bssf.eu\\\/about\\\/#breadcrumb\"},\"inLanguage\":\"et\",\"potentialAction\":[{\"@type\":\"ReadAction\",\"target\":[\"https:\\\/\\\/bssf.eu\\\/about\\\/\"]}]},{\"@type\":\"BreadcrumbList\",\"@id\":\"https:\\\/\\\/bssf.eu\\\/about\\\/#breadcrumb\",\"itemListElement\":[{\"@type\":\"ListItem\",\"position\":1,\"name\":\"\u0413\u043b\u0430\u0432\u043d\u0430\u044f \u0441\u0442\u0440\u0430\u043d\u0438\u0446\u0430\",\"item\":\"https:\\\/\\\/bssf.eu\\\/\"},{\"@type\":\"ListItem\",\"position\":2,\"name\":\"\u041f\u0440\u0430 \u043d\u0430\u0441\"}]},{\"@type\":\"WebSite\",\"@id\":\"https:\\\/\\\/bssf.eu\\\/#website\",\"url\":\"https:\\\/\\\/bssf.eu\\\/\",\"name\":\"BSSF\",\"description\":\"\u0410\u0444\u0456\u0446\u044b\u0439\u043d\u044b \u0441\u0430\u0439\u0442 \u0411\u0435\u043b\u0430\u0440\u0443\u0441\u043a\u0430\u0433\u0430 \u0444\u043e\u043d\u0434\u0430 \u0441\u043f\u0430\u0440\u0442\u044b\u045e\u043d\u0430\u0439 \u0441\u0430\u043b\u0456\u0434\u0430\u0440\u043d\u0430\u0441\u0446\u0456\",\"potentialAction\":[{\"@type\":\"SearchAction\",\"target\":{\"@type\":\"EntryPoint\",\"urlTemplate\":\"https:\\\/\\\/bssf.eu\\\/?s={search_term_string}\"},\"query-input\":{\"@type\":\"PropertyValueSpecification\",\"valueRequired\":true,\"valueName\":\"search_term_string\"}}],\"inLanguage\":\"et\"}]}<\/script>\n<!-- \/ Yoast SEO plugin. -->","yoast_head_json":{"title":"\u041f\u0440\u0430 \u043d\u0430\u0441 - BSSF","robots":{"index":"index","follow":"follow","max-snippet":"max-snippet:-1","max-image-preview":"max-image-preview:large","max-video-preview":"max-video-preview:-1"},"canonical":"https:\/\/bssf.eu\/et\/about\/","og_locale":"et_EE","og_type":"article","og_title":"\u041f\u0440\u0430 \u043d\u0430\u0441 - BSSF","og_description":"\u0411\u0435\u043b\u0430\u0440\u0443\u0441\u043a\u0456 \u0444\u043e\u043d\u0434 \u0441\u043f\u0430\u0440\u0442\u044b\u045e\u043d\u0430\u0439 \u0441\u0430\u043b\u0456\u0434\u0430\u0440\u043d\u0430\u0441\u0446\u0456 (\u0411\u0424\u0421\u0421) \u2014 \u0433\u0440\u0430\u043c\u0430\u0434\u0441\u043a\u0430\u044f \u043d\u0435\u043a\u0430\u043c\u0435\u0440\u0446\u044b\u0439\u043d\u0430\u044f \u0430\u0440\u0433\u0430\u043d\u0456\u0437\u0430\u0446\u044b\u044f, \u0441\u0442\u0432\u043e\u0440\u0430\u043d\u0430\u044f \u043f\u0430 \u0456\u043d\u0456\u0446\u044b\u044f\u0442\u044b\u0432\u0435 \u043f\u0440\u0430\u0434\u0441\u0442\u0430\u045e\u043d\u0456\u043a\u043e\u045e \u0431\u0435\u043b\u0430\u0440\u0443\u0441\u043a\u0430\u0439 \u0441\u043f\u0430\u0440\u0442\u044b\u045e\u043d\u0430\u0439 \u0441\u0443\u043f\u043e\u043b\u044c\u043d\u0430\u0441\u0446\u0456\u00a0 \u045e \u0436\u043d\u0456\u045e\u043d\u0456 2020 \u0433\u043e\u0434\u0430 \u045e \u0430\u0434\u043a\u0430\u0437 \u043d\u0430 \u043c\u0430\u0441\u0430\u0432\u044b\u044f \u0440\u044d\u043f\u0440\u044d\u0441\u0456\u0456 \u0441\u0443\u043f\u0440\u0430\u0446\u044c \u0441\u043f\u0430\u0440\u0442\u0441\u043c\u0435\u043d\u0430\u045e \u0443 \u0411\u0435\u043b\u0430\u0440\u0443\u0441\u0456. \u0413\u0430\u043b\u043e\u045e\u043d\u0430\u0439 \u043c\u044d\u0442\u0430\u0439 \u0411\u0424\u0421\u0421 \u0437\u2019\u044f\u045e\u043b\u044f\u0435\u0446\u0446\u0430 \u0430\u0431\u0430\u0440\u043e\u043d\u0430 \u043f\u0440\u0430\u0432\u043e\u045e \u0441\u043f\u0430\u0440\u0442\u0441\u043c\u0435\u043d\u0430\u045e \u0430\u0434 \u0434\u044b\u0441\u043a\u0440\u044b\u043c\u0456\u043d\u0430\u0446\u044b\u0456, \u0430 \u0442\u0430\u043a\u0441\u0430\u043c\u0430 \u043f\u0440\u0430\u0441\u043e\u045e\u0432\u0430\u043d\u043d\u0435 \u043f\u0440\u0430\u0432\u043e\u045e \u0447\u0430\u043b\u0430\u0432\u0435\u043a\u0430, \u043f\u0440\u044b\u043d\u0446\u044b\u043f\u0430\u045e \u0441\u0432\u0430\u0431\u043e\u0434\u044b \u0456 \u0434\u044d\u043c\u0430\u043a\u0440\u0430\u0442\u044b\u0456 \u043f\u0440\u0430\u0437 \u0441\u043f\u043e\u0440\u0442. \u0411\u0424\u0421\u0421 \u0430\u043a\u0430\u0437\u0432\u0430\u0435 \u0444\u0456\u043d\u0430\u043d\u0441\u0430\u0432\u0443\u044e, \u0430\u0440\u0433\u0430\u043d\u0456\u0437\u0430\u0446\u044b\u0439\u043d\u0443\u044e \u0456 \u044e\u0440\u044b\u0434\u044b\u0447\u043d\u0443\u044e [&hellip;]","og_url":"https:\/\/bssf.eu\/et\/about\/","og_site_name":"BSSF","article_modified_time":"2024-08-30T16:59:22+00:00","twitter_card":"summary_large_image","twitter_misc":{"Est. reading time":"3 minutit"},"schema":{"@context":"https:\/\/schema.org","@graph":[{"@type":"WebPage","@id":"https:\/\/bssf.eu\/about\/","url":"https:\/\/bssf.eu\/about\/","name":"\u041f\u0440\u0430 \u043d\u0430\u0441 - BSSF","isPartOf":{"@id":"https:\/\/bssf.eu\/#website"},"datePublished":"2024-08-21T15:07:20+00:00","dateModified":"2024-08-30T16:59:22+00:00","breadcrumb":{"@id":"https:\/\/bssf.eu\/about\/#breadcrumb"},"inLanguage":"et","potentialAction":[{"@type":"ReadAction","target":["https:\/\/bssf.eu\/about\/"]}]},{"@type":"BreadcrumbList","@id":"https:\/\/bssf.eu\/about\/#breadcrumb","itemListElement":[{"@type":"ListItem","position":1,"name":"\u0413\u043b\u0430\u0432\u043d\u0430\u044f \u0441\u0442\u0440\u0430\u043d\u0438\u0446\u0430","item":"https:\/\/bssf.eu\/"},{"@type":"ListItem","position":2,"name":"\u041f\u0440\u0430 \u043d\u0430\u0441"}]},{"@type":"WebSite","@id":"https:\/\/bssf.eu\/#website","url":"https:\/\/bssf.eu\/","name":"BSSF","description":"\u0410\u0444\u0456\u0446\u044b\u0439\u043d\u044b \u0441\u0430\u0439\u0442 \u0411\u0435\u043b\u0430\u0440\u0443\u0441\u043a\u0430\u0433\u0430 \u0444\u043e\u043d\u0434\u0430 \u0441\u043f\u0430\u0440\u0442\u044b\u045e\u043d\u0430\u0439 \u0441\u0430\u043b\u0456\u0434\u0430\u0440\u043d\u0430\u0441\u0446\u0456","potentialAction":[{"@type":"SearchAction","target":{"@type":"EntryPoint","urlTemplate":"https:\/\/bssf.eu\/?s={search_term_string}"},"query-input":{"@type":"PropertyValueSpecification","valueRequired":true,"valueName":"search_term_string"}}],"inLanguage":"et"}]}},"campaignId":"","_links":{"self":[{"href":"https:\/\/bssf.eu\/et\/wp-json\/wp\/v2\/pages\/9","targetHints":{"allow":["GET"]}}],"collection":[{"href":"https:\/\/bssf.eu\/et\/wp-json\/wp\/v2\/pages"}],"about":[{"href":"https:\/\/bssf.eu\/et\/wp-json\/wp\/v2\/types\/page"}],"author":[{"embeddable":true,"href":"https:\/\/bssf.eu\/et\/wp-json\/wp\/v2\/users\/1"}],"replies":[{"embeddable":true,"href":"https:\/\/bssf.eu\/et\/wp-json\/wp\/v2\/comments?post=9"}],"version-history":[{"count":13,"href":"https:\/\/bssf.eu\/et\/wp-json\/wp\/v2\/pages\/9\/revisions"}],"predecessor-version":[{"id":239,"href":"https:\/\/bssf.eu\/et\/wp-json\/wp\/v2\/pages\/9\/revisions\/239"}],"wp:attachment":[{"href":"https:\/\/bssf.eu\/et\/wp-json\/wp\/v2\/media?parent=9"}],"curies":[{"name":"wp","href":"https:\/\/api.w.org\/{rel}","templated":true}]}}