{"id":15,"date":"2024-08-21T18:08:18","date_gmt":"2024-08-21T15:08:18","guid":{"rendered":"https:\/\/bssf.eu\/?page_id=15"},"modified":"2024-09-23T14:22:18","modified_gmt":"2024-09-23T11:22:18","slug":"donate","status":"publish","type":"page","link":"https:\/\/bssf.eu\/et\/donate\/","title":{"rendered":"Anneta"},"content":{"rendered":"","protected":false},"excerpt":{"rendered":"","protected":false},"author":1,"featured_media":0,"parent":0,"menu_order":0,"comment_status":"closed","ping_status":"closed","template":"donate.php","meta":{"_acf_changed":false,"give_campaign_id":0,"inline_featured_image":false,"footnotes":""},"class_list":["post-15","page","type-page","status-publish","hentry"],"acf":[],"yoast_head":"<!-- This site is optimized with the Yoast SEO plugin v27.5 - https:\/\/yoast.com\/product\/yoast-seo-wordpress\/ -->\n<title>\u0410\u0445\u0432\u044f\u0440\u0430\u0432\u0430\u0446\u044c - BSSF<\/title>\n<meta name=\"description\" content=\"\u0411\u0435\u043b\u0430\u0440\u0443\u0441\u043a\u0456 \u0444\u043e\u043d\u0434 \u0441\u043f\u0430\u0440\u0442\u044b\u045e\u043d\u0430\u0439 \u0441\u0430\u043b\u0456\u0434\u0430\u0440\u043d\u0430\u0441\u0446\u0456 (\u0411\u0424\u0421\u0421) \u0431\u044b\u045e \u0441\u0442\u0432\u043e\u0440\u0430\u043d\u044b \u045e \u0430\u0434\u043a\u0430\u0437 \u043d\u0430 \u0440\u044d\u043f\u0440\u044d\u0441\u0456\u0456 \u0441\u0443\u043f\u0440\u0430\u0446\u044c \u0441\u043f\u0430\u0440\u0442\u0441\u043c\u0435\u043d\u0430\u045e, \u044f\u043a\u0456\u044f \u0432\u044b\u043a\u0430\u0437\u0430\u043b\u0456 \u0441\u0432\u0430\u044e \u0433\u0440\u0430\u043c\u0430\u0434\u0437\u044f\u043d\u0441\u043a\u0443\u044e \u043f\u0430\u0437\u0456\u0446\u044b\u044e \u045e \u0411\u0435\u043b\u0430\u0440\u0443\u0441\u0456. \u0417 \u043c\u043e\u043c\u0430\u043d\u0442\u0443 \u0437\u0430\u0441\u043d\u0430\u0432\u0430\u043d\u043d\u044f \u045e 2020 \u0433\u043e\u0434\u0437\u0435 \u0444\u043e\u043d\u0434 \u0441\u0442\u0430\u045e \u043c\u0430\u0433\u0443\u0442\u043d\u044b\u043c \u0456\u043d\u0441\u0442\u0440\u0443\u043c\u0435\u043d\u0442\u0430\u043c \u0443 \u0430\u0431\u0430\u0440\u043e\u043d\u0435 \u043f\u0440\u0430\u0432\u043e\u045e \u0441\u043f\u0430\u0440\u0442\u0441\u043c\u0435\u043d\u0430\u045e, \u0431\u0430\u0440\u0430\u0446\u044c\u0431\u0435 \u0437 \u0434\u044b\u043a\u0442\u0430\u0442\u0443\u0440\u0430\u0439 \u0456 \u043f\u0440\u0430\u043f\u0430\u0433\u0430\u043d\u0434\u0430\u0439, \u0430 \u0442\u0430\u043a\u0441\u0430\u043c\u0430 \u045e \u043f\u0440\u0430\u0441\u043e\u045e\u0432\u0430\u043d\u043d\u0456 \u0434\u044d\u043c\u0430\u043a\u0440\u0430\u0442\u044b\u0447\u043d\u044b\u0445 \u043a\u0430\u0448\u0442\u043e\u045e\u043d\u0430\u0441\u0446\u044f\u045e \u043f\u0440\u0430\u0437 \u0441\u043f\u043e\u0440\u0442.\" \/>\n<meta name=\"robots\" content=\"index, follow, max-snippet:-1, max-image-preview:large, max-video-preview:-1\" \/>\n<link rel=\"canonical\" href=\"https:\/\/bssf.eu\/et\/donate\/\" \/>\n<meta property=\"og:locale\" content=\"et_EE\" \/>\n<meta property=\"og:type\" content=\"article\" \/>\n<meta property=\"og:title\" content=\"\u0410\u0445\u0432\u044f\u0440\u0430\u0432\u0430\u0446\u044c - BSSF\" \/>\n<meta property=\"og:description\" content=\"\u0411\u0435\u043b\u0430\u0440\u0443\u0441\u043a\u0456 \u0444\u043e\u043d\u0434 \u0441\u043f\u0430\u0440\u0442\u044b\u045e\u043d\u0430\u0439 \u0441\u0430\u043b\u0456\u0434\u0430\u0440\u043d\u0430\u0441\u0446\u0456 (\u0411\u0424\u0421\u0421) \u0431\u044b\u045e \u0441\u0442\u0432\u043e\u0440\u0430\u043d\u044b \u045e \u0430\u0434\u043a\u0430\u0437 \u043d\u0430 \u0440\u044d\u043f\u0440\u044d\u0441\u0456\u0456 \u0441\u0443\u043f\u0440\u0430\u0446\u044c \u0441\u043f\u0430\u0440\u0442\u0441\u043c\u0435\u043d\u0430\u045e, \u044f\u043a\u0456\u044f \u0432\u044b\u043a\u0430\u0437\u0430\u043b\u0456 \u0441\u0432\u0430\u044e \u0433\u0440\u0430\u043c\u0430\u0434\u0437\u044f\u043d\u0441\u043a\u0443\u044e \u043f\u0430\u0437\u0456\u0446\u044b\u044e \u045e \u0411\u0435\u043b\u0430\u0440\u0443\u0441\u0456. \u0417 \u043c\u043e\u043c\u0430\u043d\u0442\u0443 \u0437\u0430\u0441\u043d\u0430\u0432\u0430\u043d\u043d\u044f \u045e 2020 \u0433\u043e\u0434\u0437\u0435 \u0444\u043e\u043d\u0434 \u0441\u0442\u0430\u045e \u043c\u0430\u0433\u0443\u0442\u043d\u044b\u043c \u0456\u043d\u0441\u0442\u0440\u0443\u043c\u0435\u043d\u0442\u0430\u043c \u0443 \u0430\u0431\u0430\u0440\u043e\u043d\u0435 \u043f\u0440\u0430\u0432\u043e\u045e \u0441\u043f\u0430\u0440\u0442\u0441\u043c\u0435\u043d\u0430\u045e, \u0431\u0430\u0440\u0430\u0446\u044c\u0431\u0435 \u0437 \u0434\u044b\u043a\u0442\u0430\u0442\u0443\u0440\u0430\u0439 \u0456 \u043f\u0440\u0430\u043f\u0430\u0433\u0430\u043d\u0434\u0430\u0439, \u0430 \u0442\u0430\u043a\u0441\u0430\u043c\u0430 \u045e \u043f\u0440\u0430\u0441\u043e\u045e\u0432\u0430\u043d\u043d\u0456 \u0434\u044d\u043c\u0430\u043a\u0440\u0430\u0442\u044b\u0447\u043d\u044b\u0445 \u043a\u0430\u0448\u0442\u043e\u045e\u043d\u0430\u0441\u0446\u044f\u045e \u043f\u0440\u0430\u0437 \u0441\u043f\u043e\u0440\u0442.\" \/>\n<meta property=\"og:url\" content=\"https:\/\/bssf.eu\/et\/donate\/\" \/>\n<meta property=\"og:site_name\" content=\"BSSF\" \/>\n<meta property=\"article:modified_time\" content=\"2024-09-23T11:22:18+00:00\" \/>\n<meta name=\"twitter:card\" content=\"summary_large_image\" \/>\n<script type=\"application\/ld+json\" class=\"yoast-schema-graph\">{\"@context\":\"https:\\\/\\\/schema.org\",\"@graph\":[{\"@type\":\"WebPage\",\"@id\":\"https:\\\/\\\/bssf.eu\\\/donate\\\/\",\"url\":\"https:\\\/\\\/bssf.eu\\\/donate\\\/\",\"name\":\"\u0410\u0445\u0432\u044f\u0440\u0430\u0432\u0430\u0446\u044c - BSSF\",\"isPartOf\":{\"@id\":\"https:\\\/\\\/bssf.eu\\\/#website\"},\"datePublished\":\"2024-08-21T15:08:18+00:00\",\"dateModified\":\"2024-09-23T11:22:18+00:00\",\"description\":\"\u0411\u0435\u043b\u0430\u0440\u0443\u0441\u043a\u0456 \u0444\u043e\u043d\u0434 \u0441\u043f\u0430\u0440\u0442\u044b\u045e\u043d\u0430\u0439 \u0441\u0430\u043b\u0456\u0434\u0430\u0440\u043d\u0430\u0441\u0446\u0456 (\u0411\u0424\u0421\u0421) \u0431\u044b\u045e \u0441\u0442\u0432\u043e\u0440\u0430\u043d\u044b \u045e \u0430\u0434\u043a\u0430\u0437 \u043d\u0430 \u0440\u044d\u043f\u0440\u044d\u0441\u0456\u0456 \u0441\u0443\u043f\u0440\u0430\u0446\u044c \u0441\u043f\u0430\u0440\u0442\u0441\u043c\u0435\u043d\u0430\u045e, \u044f\u043a\u0456\u044f \u0432\u044b\u043a\u0430\u0437\u0430\u043b\u0456 \u0441\u0432\u0430\u044e \u0433\u0440\u0430\u043c\u0430\u0434\u0437\u044f\u043d\u0441\u043a\u0443\u044e \u043f\u0430\u0437\u0456\u0446\u044b\u044e \u045e \u0411\u0435\u043b\u0430\u0440\u0443\u0441\u0456. \u0417 \u043c\u043e\u043c\u0430\u043d\u0442\u0443 \u0437\u0430\u0441\u043d\u0430\u0432\u0430\u043d\u043d\u044f \u045e 2020 \u0433\u043e\u0434\u0437\u0435 \u0444\u043e\u043d\u0434 \u0441\u0442\u0430\u045e \u043c\u0430\u0433\u0443\u0442\u043d\u044b\u043c \u0456\u043d\u0441\u0442\u0440\u0443\u043c\u0435\u043d\u0442\u0430\u043c \u0443 \u0430\u0431\u0430\u0440\u043e\u043d\u0435 \u043f\u0440\u0430\u0432\u043e\u045e \u0441\u043f\u0430\u0440\u0442\u0441\u043c\u0435\u043d\u0430\u045e, \u0431\u0430\u0440\u0430\u0446\u044c\u0431\u0435 \u0437 \u0434\u044b\u043a\u0442\u0430\u0442\u0443\u0440\u0430\u0439 \u0456 \u043f\u0440\u0430\u043f\u0430\u0433\u0430\u043d\u0434\u0430\u0439, \u0430 \u0442\u0430\u043a\u0441\u0430\u043c\u0430 \u045e \u043f\u0440\u0430\u0441\u043e\u045e\u0432\u0430\u043d\u043d\u0456 \u0434\u044d\u043c\u0430\u043a\u0440\u0430\u0442\u044b\u0447\u043d\u044b\u0445 \u043a\u0430\u0448\u0442\u043e\u045e\u043d\u0430\u0441\u0446\u044f\u045e \u043f\u0440\u0430\u0437 \u0441\u043f\u043e\u0440\u0442.\",\"breadcrumb\":{\"@id\":\"https:\\\/\\\/bssf.eu\\\/donate\\\/#breadcrumb\"},\"inLanguage\":\"et\",\"potentialAction\":[{\"@type\":\"ReadAction\",\"target\":[\"https:\\\/\\\/bssf.eu\\\/donate\\\/\"]}]},{\"@type\":\"BreadcrumbList\",\"@id\":\"https:\\\/\\\/bssf.eu\\\/donate\\\/#breadcrumb\",\"itemListElement\":[{\"@type\":\"ListItem\",\"position\":1,\"name\":\"\u0413\u043b\u0430\u0432\u043d\u0430\u044f \u0441\u0442\u0440\u0430\u043d\u0438\u0446\u0430\",\"item\":\"https:\\\/\\\/bssf.eu\\\/\"},{\"@type\":\"ListItem\",\"position\":2,\"name\":\"\u0410\u0445\u0432\u044f\u0440\u0430\u0432\u0430\u0446\u044c\"}]},{\"@type\":\"WebSite\",\"@id\":\"https:\\\/\\\/bssf.eu\\\/#website\",\"url\":\"https:\\\/\\\/bssf.eu\\\/\",\"name\":\"BSSF\",\"description\":\"\u0410\u0444\u0456\u0446\u044b\u0439\u043d\u044b \u0441\u0430\u0439\u0442 \u0411\u0435\u043b\u0430\u0440\u0443\u0441\u043a\u0430\u0433\u0430 \u0444\u043e\u043d\u0434\u0430 \u0441\u043f\u0430\u0440\u0442\u044b\u045e\u043d\u0430\u0439 \u0441\u0430\u043b\u0456\u0434\u0430\u0440\u043d\u0430\u0441\u0446\u0456\",\"potentialAction\":[{\"@type\":\"SearchAction\",\"target\":{\"@type\":\"EntryPoint\",\"urlTemplate\":\"https:\\\/\\\/bssf.eu\\\/?s={search_term_string}\"},\"query-input\":{\"@type\":\"PropertyValueSpecification\",\"valueRequired\":true,\"valueName\":\"search_term_string\"}}],\"inLanguage\":\"et\"}]}<\/script>\n<!-- \/ Yoast SEO plugin. -->","yoast_head_json":{"title":"\u0410\u0445\u0432\u044f\u0440\u0430\u0432\u0430\u0446\u044c - BSSF","description":"Valgevene Spordi Solidarsus Fond (BSSF) loodi vastuseks Valgevenes oma kodanikupositsiooni avaldanud sportlaste repressioonidele. Alates asutamisest 2020. aastal on fond saanud v\u00f5imsaks t\u00f6\u00f6riistaks sportlaste \u00f5iguste kaitsmisel, v\u00f5itluses diktatuuri ja propaganda vastu ning demokraatlike v\u00e4\u00e4rtuste edendamisel spordi kaudu.","robots":{"index":"index","follow":"follow","max-snippet":"max-snippet:-1","max-image-preview":"max-image-preview:large","max-video-preview":"max-video-preview:-1"},"canonical":"https:\/\/bssf.eu\/et\/donate\/","og_locale":"et_EE","og_type":"article","og_title":"\u0410\u0445\u0432\u044f\u0440\u0430\u0432\u0430\u0446\u044c - BSSF","og_description":"\u0411\u0435\u043b\u0430\u0440\u0443\u0441\u043a\u0456 \u0444\u043e\u043d\u0434 \u0441\u043f\u0430\u0440\u0442\u044b\u045e\u043d\u0430\u0439 \u0441\u0430\u043b\u0456\u0434\u0430\u0440\u043d\u0430\u0441\u0446\u0456 (\u0411\u0424\u0421\u0421) \u0431\u044b\u045e \u0441\u0442\u0432\u043e\u0440\u0430\u043d\u044b \u045e \u0430\u0434\u043a\u0430\u0437 \u043d\u0430 \u0440\u044d\u043f\u0440\u044d\u0441\u0456\u0456 \u0441\u0443\u043f\u0440\u0430\u0446\u044c \u0441\u043f\u0430\u0440\u0442\u0441\u043c\u0435\u043d\u0430\u045e, \u044f\u043a\u0456\u044f \u0432\u044b\u043a\u0430\u0437\u0430\u043b\u0456 \u0441\u0432\u0430\u044e \u0433\u0440\u0430\u043c\u0430\u0434\u0437\u044f\u043d\u0441\u043a\u0443\u044e \u043f\u0430\u0437\u0456\u0446\u044b\u044e \u045e \u0411\u0435\u043b\u0430\u0440\u0443\u0441\u0456. \u0417 \u043c\u043e\u043c\u0430\u043d\u0442\u0443 \u0437\u0430\u0441\u043d\u0430\u0432\u0430\u043d\u043d\u044f \u045e 2020 \u0433\u043e\u0434\u0437\u0435 \u0444\u043e\u043d\u0434 \u0441\u0442\u0430\u045e \u043c\u0430\u0433\u0443\u0442\u043d\u044b\u043c \u0456\u043d\u0441\u0442\u0440\u0443\u043c\u0435\u043d\u0442\u0430\u043c \u0443 \u0430\u0431\u0430\u0440\u043e\u043d\u0435 \u043f\u0440\u0430\u0432\u043e\u045e \u0441\u043f\u0430\u0440\u0442\u0441\u043c\u0435\u043d\u0430\u045e, \u0431\u0430\u0440\u0430\u0446\u044c\u0431\u0435 \u0437 \u0434\u044b\u043a\u0442\u0430\u0442\u0443\u0440\u0430\u0439 \u0456 \u043f\u0440\u0430\u043f\u0430\u0433\u0430\u043d\u0434\u0430\u0439, \u0430 \u0442\u0430\u043a\u0441\u0430\u043c\u0430 \u045e \u043f\u0440\u0430\u0441\u043e\u045e\u0432\u0430\u043d\u043d\u0456 \u0434\u044d\u043c\u0430\u043a\u0440\u0430\u0442\u044b\u0447\u043d\u044b\u0445 \u043a\u0430\u0448\u0442\u043e\u045e\u043d\u0430\u0441\u0446\u044f\u045e \u043f\u0440\u0430\u0437 \u0441\u043f\u043e\u0440\u0442.","og_url":"https:\/\/bssf.eu\/et\/donate\/","og_site_name":"BSSF","article_modified_time":"2024-09-23T11:22:18+00:00","twitter_card":"summary_large_image","schema":{"@context":"https:\/\/schema.org","@graph":[{"@type":"WebPage","@id":"https:\/\/bssf.eu\/donate\/","url":"https:\/\/bssf.eu\/donate\/","name":"\u0410\u0445\u0432\u044f\u0440\u0430\u0432\u0430\u0446\u044c - BSSF","isPartOf":{"@id":"https:\/\/bssf.eu\/#website"},"datePublished":"2024-08-21T15:08:18+00:00","dateModified":"2024-09-23T11:22:18+00:00","description":"Valgevene Spordi Solidarsus Fond (BSSF) loodi vastuseks Valgevenes oma kodanikupositsiooni avaldanud sportlaste repressioonidele. Alates asutamisest 2020. aastal on fond saanud v\u00f5imsaks t\u00f6\u00f6riistaks sportlaste \u00f5iguste kaitsmisel, v\u00f5itluses diktatuuri ja propaganda vastu ning demokraatlike v\u00e4\u00e4rtuste edendamisel spordi kaudu.","breadcrumb":{"@id":"https:\/\/bssf.eu\/donate\/#breadcrumb"},"inLanguage":"et","potentialAction":[{"@type":"ReadAction","target":["https:\/\/bssf.eu\/donate\/"]}]},{"@type":"BreadcrumbList","@id":"https:\/\/bssf.eu\/donate\/#breadcrumb","itemListElement":[{"@type":"ListItem","position":1,"name":"\u0413\u043b\u0430\u0432\u043d\u0430\u044f \u0441\u0442\u0440\u0430\u043d\u0438\u0446\u0430","item":"https:\/\/bssf.eu\/"},{"@type":"ListItem","position":2,"name":"\u0410\u0445\u0432\u044f\u0440\u0430\u0432\u0430\u0446\u044c"}]},{"@type":"WebSite","@id":"https:\/\/bssf.eu\/#website","url":"https:\/\/bssf.eu\/","name":"BSSF","description":"\u0410\u0444\u0456\u0446\u044b\u0439\u043d\u044b \u0441\u0430\u0439\u0442 \u0411\u0435\u043b\u0430\u0440\u0443\u0441\u043a\u0430\u0433\u0430 \u0444\u043e\u043d\u0434\u0430 \u0441\u043f\u0430\u0440\u0442\u044b\u045e\u043d\u0430\u0439 \u0441\u0430\u043b\u0456\u0434\u0430\u0440\u043d\u0430\u0441\u0446\u0456","potentialAction":[{"@type":"SearchAction","target":{"@type":"EntryPoint","urlTemplate":"https:\/\/bssf.eu\/?s={search_term_string}"},"query-input":{"@type":"PropertyValueSpecification","valueRequired":true,"valueName":"search_term_string"}}],"inLanguage":"et"}]}},"campaignId":"","_links":{"self":[{"href":"https:\/\/bssf.eu\/et\/wp-json\/wp\/v2\/pages\/15","targetHints":{"allow":["GET"]}}],"collection":[{"href":"https:\/\/bssf.eu\/et\/wp-json\/wp\/v2\/pages"}],"about":[{"href":"https:\/\/bssf.eu\/et\/wp-json\/wp\/v2\/types\/page"}],"author":[{"embeddable":true,"href":"https:\/\/bssf.eu\/et\/wp-json\/wp\/v2\/users\/1"}],"replies":[{"embeddable":true,"href":"https:\/\/bssf.eu\/et\/wp-json\/wp\/v2\/comments?post=15"}],"version-history":[{"count":15,"href":"https:\/\/bssf.eu\/et\/wp-json\/wp\/v2\/pages\/15\/revisions"}],"predecessor-version":[{"id":489,"href":"https:\/\/bssf.eu\/et\/wp-json\/wp\/v2\/pages\/15\/revisions\/489"}],"wp:attachment":[{"href":"https:\/\/bssf.eu\/et\/wp-json\/wp\/v2\/media?parent=15"}],"curies":[{"name":"wp","href":"https:\/\/api.w.org\/{rel}","templated":true}]}}